{"id":126,"date":"2018-12-11T20:46:12","date_gmt":"2018-12-11T22:46:12","guid":{"rendered":"https:\/\/beneb67.com.br\/beneb\/?page_id=126"},"modified":"2018-12-14T16:17:17","modified_gmt":"2018-12-14T18:17:17","slug":"sobre","status":"publish","type":"page","link":"https:\/\/beneb67.com.br\/beneb\/sobre\/","title":{"rendered":"Sobre"},"content":{"rendered":"\t\t<div data-elementor-type=\"wp-post\" data-elementor-id=\"126\" class=\"elementor elementor-126 elementor-bc-flex-widget\">\n\t\t\t\t\t\t<section class=\"elementor-section elementor-top-section elementor-element elementor-element-050aba1 elementor-section-height-min-height elementor-section-boxed elementor-section-height-default elementor-section-items-middle\" data-id=\"050aba1\" data-element_type=\"section\" data-settings=\"{&quot;background_background&quot;:&quot;classic&quot;}\">\n\t\t\t\t\t\t<div class=\"elementor-container elementor-column-gap-default\">\n\t\t\t\t\t<div class=\"elementor-column elementor-col-100 elementor-top-column elementor-element elementor-element-b2e99f7\" data-id=\"b2e99f7\" data-element_type=\"column\" data-settings=\"{&quot;background_background&quot;:&quot;classic&quot;}\">\n\t\t\t<div class=\"elementor-widget-wrap elementor-element-populated\">\n\t\t\t\t\t<div class=\"elementor-background-overlay\"><\/div>\n\t\t\t\t\t\t<div class=\"elementor-element elementor-element-e2bfd71 elementor-widget elementor-widget-heading\" data-id=\"e2bfd71\" data-element_type=\"widget\" data-widget_type=\"heading.default\">\n\t\t\t\t<div class=\"elementor-widget-container\">\n\t\t\t\t\t<h2 class=\"elementor-heading-title elementor-size-default\">Sobre  Mim<\/h2>\t\t\t\t<\/div>\n\t\t\t\t<\/div>\n\t\t\t\t\t<\/div>\n\t\t<\/div>\n\t\t\t\t\t<\/div>\n\t\t<\/section>\n\t\t\t\t<section class=\"elementor-section elementor-top-section elementor-element elementor-element-586c0f7 elementor-section-boxed elementor-section-height-default elementor-section-height-default\" data-id=\"586c0f7\" data-element_type=\"section\" data-settings=\"{&quot;background_background&quot;:&quot;classic&quot;}\">\n\t\t\t\t\t\t<div class=\"elementor-container elementor-column-gap-default\">\n\t\t\t\t\t<div class=\"elementor-column elementor-col-33 elementor-top-column elementor-element elementor-element-355b812\" data-id=\"355b812\" data-element_type=\"column\">\n\t\t\t<div class=\"elementor-widget-wrap elementor-element-populated\">\n\t\t\t\t\t\t<div class=\"elementor-element elementor-element-3f139fa elementor-widget elementor-widget-image\" data-id=\"3f139fa\" data-element_type=\"widget\" data-widget_type=\"image.default\">\n\t\t\t\t<div class=\"elementor-widget-container\">\n\t\t\t\t\t\t\t\t\t\t\t\t\t\t\t<img decoding=\"async\" src=\"https:\/\/beneb67.com.br\/beneb\/wp-content\/uploads\/elementor\/thumbs\/eu_IMG_2621-o0dv2avlxv94r4f3g2y3nl0tpzur0r6f5z80tnvtls.png\" title=\"eu_IMG_2621\" alt=\"eu_IMG_2621\" loading=\"lazy\" \/>\t\t\t\t\t\t\t\t\t\t\t\t\t\t\t<\/div>\n\t\t\t\t<\/div>\n\t\t\t\t\t<\/div>\n\t\t<\/div>\n\t\t\t\t<div class=\"elementor-column elementor-col-66 elementor-top-column elementor-element elementor-element-4fca017\" data-id=\"4fca017\" data-element_type=\"column\">\n\t\t\t<div class=\"elementor-widget-wrap elementor-element-populated\">\n\t\t\t\t\t\t<div class=\"elementor-element elementor-element-98b4f42 elementor-widget elementor-widget-text-editor\" data-id=\"98b4f42\" data-element_type=\"widget\" data-widget_type=\"text-editor.default\">\n\t\t\t\t<div class=\"elementor-widget-container\">\n\t\t\t\t\t\t\t\t\t<p>Ol\u00e1,<\/p><p style=\"text-align: justify;\">Meu nome \u00e9 Benedito Chagas de Camargo, sou pai de dois filhos, formado em Administra\u00e7\u00e3o de Empresa pela FAAC \u2013 Faculdade Associada de Cotia.<\/p><p style=\"text-align: justify;\">Trabalho desde 1988 com desenvolvimento de software na \u00e1rea de TI de uma empresa privada e decidi expandir meus conhecimentos em desenvolvimento para web.<\/p><p style=\"text-align: justify;\">Meu intuito \u00e9 poder ajudar empresas e profissionais liberais divulgando-as na internet atrav\u00e9s de p\u00e1ginas personalizadas e com isto ajudando-as a cativarem cada vez mais clientes.<\/p><p style=\"text-align: justify;\">Meu compromisso \u00e9 oferecer um trabalho de qualidade, com profissionalismo, respeito e dedica\u00e7\u00e3o.<\/p><p style=\"text-align: justify;\">Grato pela aten\u00e7\u00e3o.<\/p>\t\t\t\t\t\t\t\t<\/div>\n\t\t\t\t<\/div>\n\t\t\t\t\t<\/div>\n\t\t<\/div>\n\t\t\t\t\t<\/div>\n\t\t<\/section>\n\t\t\t\t<\/div>\n\t\t","protected":false},"excerpt":{"rendered":"<p>Sobre Mim Ol\u00e1, Meu nome \u00e9 Benedito Chagas de Camargo, sou pai de dois filhos, formado em Administra\u00e7\u00e3o de Empresa pela FAAC \u2013 Faculdade Associada de Cotia. Trabalho desde 1988 &#8230;<\/p>\n","protected":false},"author":1,"featured_media":0,"parent":0,"menu_order":0,"comment_status":"closed","ping_status":"closed","template":"template-fullwidth-stretched.php","meta":{"footnotes":""},"class_list":["post-126","page","type-page","status-publish","hentry"],"_links":{"self":[{"href":"https:\/\/beneb67.com.br\/beneb\/wp-json\/wp\/v2\/pages\/126","targetHints":{"allow":["GET"]}}],"collection":[{"href":"https:\/\/beneb67.com.br\/beneb\/wp-json\/wp\/v2\/pages"}],"about":[{"href":"https:\/\/beneb67.com.br\/beneb\/wp-json\/wp\/v2\/types\/page"}],"author":[{"embeddable":true,"href":"https:\/\/beneb67.com.br\/beneb\/wp-json\/wp\/v2\/users\/1"}],"replies":[{"embeddable":true,"href":"https:\/\/beneb67.com.br\/beneb\/wp-json\/wp\/v2\/comments?post=126"}],"version-history":[{"count":10,"href":"https:\/\/beneb67.com.br\/beneb\/wp-json\/wp\/v2\/pages\/126\/revisions"}],"predecessor-version":[{"id":159,"href":"https:\/\/beneb67.com.br\/beneb\/wp-json\/wp\/v2\/pages\/126\/revisions\/159"}],"wp:attachment":[{"href":"https:\/\/beneb67.com.br\/beneb\/wp-json\/wp\/v2\/media?parent=126"}],"curies":[{"name":"wp","href":"https:\/\/api.w.org\/{rel}","templated":true}]}}